{"id":213,"date":"2021-12-01T18:30:30","date_gmt":"2021-12-01T18:30:30","guid":{"rendered":"https:\/\/www.dcamexico.org\/tienda\/?post_type=product&#038;p=213"},"modified":"2024-06-30T12:27:06","modified_gmt":"2024-06-30T12:27:06","slug":"cucuru-cucuru-el-valor-del-respeto","status":"publish","type":"product","link":"https:\/\/www.dcamexico.org\/tienda\/producto\/cucuru-cucuru-el-valor-del-respeto\/","title":{"rendered":"Cucuru cucuru, el valor del respeto"},"content":{"rendered":"<p><span style=\"font-weight: 400;\">Un \u00e1rbol gru\u00f1\u00f3n y un pajarito que ama su canto protagonizan una historia en la que el respeto y la comunicaci\u00f3n son clave para la buena convivencia.<\/span><\/p>\n","protected":false},"excerpt":{"rendered":"<p><span style=\"font-weight: 400;\">Un \u00e1rbol gru\u00f1\u00f3n y un pajarito que ama su canto protagonizan una historia en la que el respeto y la comunicaci\u00f3n son clave para la buena convivencia.<\/span><\/p>\n","protected":false},"featured_media":215,"comment_status":"open","ping_status":"closed","template":"","meta":{"inline_featured_image":false},"product_brand":[],"product_cat":[22],"product_tag":[],"class_list":{"0":"post-213","1":"product","2":"type-product","3":"status-publish","4":"has-post-thumbnail","6":"product_cat-valores-civicos","8":"first","9":"instock","10":"shipping-taxable","11":"purchasable","12":"product-type-simple"},"_links":{"self":[{"href":"https:\/\/www.dcamexico.org\/tienda\/wp-json\/wp\/v2\/product\/213","targetHints":{"allow":["GET"]}}],"collection":[{"href":"https:\/\/www.dcamexico.org\/tienda\/wp-json\/wp\/v2\/product"}],"about":[{"href":"https:\/\/www.dcamexico.org\/tienda\/wp-json\/wp\/v2\/types\/product"}],"replies":[{"embeddable":true,"href":"https:\/\/www.dcamexico.org\/tienda\/wp-json\/wp\/v2\/comments?post=213"}],"wp:featuredmedia":[{"embeddable":true,"href":"https:\/\/www.dcamexico.org\/tienda\/wp-json\/wp\/v2\/media\/215"}],"wp:attachment":[{"href":"https:\/\/www.dcamexico.org\/tienda\/wp-json\/wp\/v2\/media?parent=213"}],"wp:term":[{"taxonomy":"product_brand","embeddable":true,"href":"https:\/\/www.dcamexico.org\/tienda\/wp-json\/wp\/v2\/product_brand?post=213"},{"taxonomy":"product_cat","embeddable":true,"href":"https:\/\/www.dcamexico.org\/tienda\/wp-json\/wp\/v2\/product_cat?post=213"},{"taxonomy":"product_tag","embeddable":true,"href":"https:\/\/www.dcamexico.org\/tienda\/wp-json\/wp\/v2\/product_tag?post=213"}],"curies":[{"name":"wp","href":"https:\/\/api.w.org\/{rel}","templated":true}]}}