{"id":629,"date":"2021-11-01T19:54:28","date_gmt":"2021-11-01T19:54:28","guid":{"rendered":"https:\/\/www.dcamexico.org\/tienda\/?post_type=product&#038;p=629"},"modified":"2021-12-02T16:12:01","modified_gmt":"2021-12-02T16:12:01","slug":"loteria-cantadita-educacion-sexual-y-reproductiva","status":"publish","type":"product","link":"https:\/\/www.dcamexico.org\/tienda\/producto\/loteria-cantadita-educacion-sexual-y-reproductiva\/","title":{"rendered":"Loter\u00eda Cantadita : Educaci\u00f3n Sexual y Reproductiva"},"content":{"rendered":"<p>Pasa divertidos momentos en familia, mientras aprenden m\u00e1s de 50 conceptos que les ayudar\u00e1n a vivir su sexualidad de una forma sana, incluyente e informada. La Loter\u00eda Cantadita, es el juego perfecto para iniciar a hablar de sexualidad en familia o en la escuela<\/p>\n","protected":false},"excerpt":{"rendered":"<p>Pasa divertidos momentos en familia, mientras aprenden m\u00e1s de 50 conceptos que les ayudar\u00e1n a vivir su sexualidad de una forma sana, incluyente e informada. La Loter\u00eda Cantadita, es el juego perfecto para iniciar a hablar de sexualidad en familia o en la escuela<\/p>\n","protected":false},"featured_media":630,"comment_status":"open","ping_status":"closed","template":"","meta":{"inline_featured_image":false},"product_brand":[],"product_cat":[21,20],"product_tag":[],"class_list":{"0":"post-629","1":"product","2":"type-product","3":"status-publish","4":"has-post-thumbnail","6":"product_cat-equidad-de-genero","7":"product_cat-proyecto-de-vida","9":"first","10":"instock","11":"shipping-taxable","12":"purchasable","13":"product-type-simple"},"_links":{"self":[{"href":"https:\/\/www.dcamexico.org\/tienda\/wp-json\/wp\/v2\/product\/629","targetHints":{"allow":["GET"]}}],"collection":[{"href":"https:\/\/www.dcamexico.org\/tienda\/wp-json\/wp\/v2\/product"}],"about":[{"href":"https:\/\/www.dcamexico.org\/tienda\/wp-json\/wp\/v2\/types\/product"}],"replies":[{"embeddable":true,"href":"https:\/\/www.dcamexico.org\/tienda\/wp-json\/wp\/v2\/comments?post=629"}],"wp:featuredmedia":[{"embeddable":true,"href":"https:\/\/www.dcamexico.org\/tienda\/wp-json\/wp\/v2\/media\/630"}],"wp:attachment":[{"href":"https:\/\/www.dcamexico.org\/tienda\/wp-json\/wp\/v2\/media?parent=629"}],"wp:term":[{"taxonomy":"product_brand","embeddable":true,"href":"https:\/\/www.dcamexico.org\/tienda\/wp-json\/wp\/v2\/product_brand?post=629"},{"taxonomy":"product_cat","embeddable":true,"href":"https:\/\/www.dcamexico.org\/tienda\/wp-json\/wp\/v2\/product_cat?post=629"},{"taxonomy":"product_tag","embeddable":true,"href":"https:\/\/www.dcamexico.org\/tienda\/wp-json\/wp\/v2\/product_tag?post=629"}],"curies":[{"name":"wp","href":"https:\/\/api.w.org\/{rel}","templated":true}]}}